{"id":1110,"date":"2023-06-28T14:03:04","date_gmt":"2023-06-28T14:03:04","guid":{"rendered":"https:\/\/berta.cloutions.com\/politica-de-privadesa\/"},"modified":"2023-10-13T08:55:47","modified_gmt":"2023-10-13T08:55:47","slug":"politica-de-privacidad","status":"publish","type":"page","link":"https:\/\/bertaroca.com\/es\/politica-de-privacidad\/","title":{"rendered":"Pol\u00edtica de Privacidad"},"content":{"rendered":"\r\n<h2 class=\"wp-block-heading\" style=\"text-align: center;\">Pol\u00edtica de Privacidad<\/h2>\r\n<p><strong>INTRODUCCI\u00d3N <\/strong><\/p>\r\n<p>La seguridad de la privacidad es importante para nosotros, por lo que con este documento explicamos qui\u00e9n recopila los datos de los usuarios, c\u00f3mo se utilizan y por qu\u00e9, entre otras indicaciones. Para su informaci\u00f3n, es posible que solicitemos m\u00e1s informaci\u00f3n de la que realmente necesitamos para satisfacer sus necesidades; sin embargo, no la compartiremos con terceros, excepto por obligaci\u00f3n legal o sin autorizaci\u00f3n previa; no utilizaremos estos detalles para ning\u00fan otro prop\u00f3sito no indicado previamente. Como usuarios, les pedimos que lean cuidadosamente esta Pol\u00edtica de Privacidad de manera regular, y que siempre proporcionen sus datos personales, ya que este documento puede permitir modificaciones, ya que el proveedor puede modificar cualquier tipo de informaci\u00f3n que aparezca en el sitio web. Cumplimos con las regulaciones o actualizamos la pol\u00edtica, y se considera que existe la obligaci\u00f3n de notificar o informar a los usuarios sobre estas obligaciones, y la publicaci\u00f3n en el sitio web del proveedor es suficiente.<\/p>\r\n<p>EMPRESAS A LAS QUE SE APLICA ESTA POL\u00cdTICA DE PRIVACIDAD <strong>BERTA ROCA COMUNICACI\u00d3<\/strong> con NIF <strong>46133132P<\/strong> domiciliada en C\/ Proven\u00e7a 287, ppal 1, 08037 Barcelona, detalles de inscripci\u00f3n en el Registro Mercantil de Barcelona. Correo electr\u00f3nico: <a href=\"mailto:info@bertaroca.net\" target=\"_new\" rel=\"noopener\">info@bertaroca.net<\/a><\/p>\r\n<p><strong>BERTA ROCA COMUNICACI\u00d3<\/strong>, como responsable de todo el sitio web, de acuerdo con lo establecido en el Reglamento (UE) 2016\/679 del 27 de abril de 2016 (RGPD) relativo a la protecci\u00f3n de las personas naturales en lo que respecta al tratamiento de datos personales y dem\u00e1s normativas vigentes sobre protecci\u00f3n de datos personales, y por la Ley 34\/2002, de 11 de julio, de Servicios de la Sociedad de la Informaci\u00f3n y Comercio Electr\u00f3nico (LSSICE), le informamos que se han implementado las medidas de seguridad necesarias, de car\u00e1cter t\u00e9cnico y organizativo, para garantizar y proteger la confidencialidad, integridad y disponibilidad de los datos introducidos.<\/p>\r\n<p><strong>M\u00c9TODO DE OBTENCI\u00d3N DE DATOS Y DATOS QUE RECOPILAMOS:<\/strong> Los datos que recopilamos y c\u00f3mo los obtenemos son los siguientes:<\/p>\r\n<ol>\r\n<li>Formulario de contacto: Detalles requeridos: nombre, correo electr\u00f3nico, edad, tel\u00e9fono. Finalidad: responder a consultas y\/o proporcionar la informaci\u00f3n solicitada por el Usuario. Legitimidad: consentimiento del usuario.<\/li>\r\n<li>Durante el plazo de la relaci\u00f3n contractual y los procedimientos administrativos, fiscales y similares que siguen y son necesarios seg\u00fan la legislaci\u00f3n vigente. Datos requeridos: nombre y direcci\u00f3n, n\u00famero de tel\u00e9fono, direcci\u00f3n, DNI, correo electr\u00f3nico, firma. Realizaci\u00f3n: durante el plazo de gesti\u00f3n fiscal, comercial y administrativa interna. Legitimidad: Consentimiento del inter\u00e9s y relaci\u00f3n contractual.<\/li>\r\n<li>WhatsApp: La secci\u00f3n de WhatsApp de esta pol\u00edtica detalla sus usos. Los responsables que forman parte de BERTA ROCA COMUNICACI\u00d3 pueden proteger la transmisi\u00f3n de datos personales con fines administrativos internos entre ellos, en inter\u00e9s leg\u00edtimo de acuerdo con lo regulado en el considerando 48 del RGPD. Puede revocar su consentimiento en cualquier momento enviando una carta a la direcci\u00f3n de \u00abBaixa\u00bb al correo electr\u00f3nico que reciba.<\/li>\r\n<\/ol>\r\n<p>De acuerdo con la LSSICE, <strong>BERTA ROCA COMUNICACI\u00d3<\/strong> no realiza pr\u00e1cticas de SPAM, por lo tanto, no env\u00eda correos electr\u00f3nicos comerciales por correo electr\u00f3nico que no hayan sido solicitados previamente para ofertas o autorizaciones por parte del Usuario. En consecuencia, ante todas las comunicaciones recibidas del proveedor, el usuario tiene la posibilidad de cancelar su consentimiento expreso para recibir nuestras comunicaciones.<\/p>\r\n<p>No trataremos sus datos personales m\u00e1s all\u00e1 de los l\u00edmites descritos excepto por obligaci\u00f3n legal o requerimiento judicial. No estar\u00e1 sujeto a decisiones basadas en procesos automatizados que produzcan efectos en sus datos.<\/p>\r\n<p><strong>PLAZO DE CONSERVACI\u00d3N DE LOS DATOS<\/strong>: Sus datos se conservar\u00e1n durante la duraci\u00f3n de la relaci\u00f3n comercial entre nosotros y ejercer\u00e1 su derecho de cancelaci\u00f3n u oposici\u00f3n, o limitaci\u00f3n a la transacci\u00f3n. Sin embargo, mantendremos sus datos en los t\u00e9rminos legalmente previstos en las disposiciones aplicables.<\/p>\r\n<p><strong>DESTINATARIOS DE CESIONES O TRANSFERENCIAS: BERTA ROCA COMUNICACI\u00d3<\/strong> puede contratar ciertos servicios para la prestaci\u00f3n de servicios que ser\u00e1n realizados por terceros (Gesti\u00f3n de Transacciones) a quienes se comunicar\u00e1n los datos. En todas estas empresas se firma el correspondiente contrato de gesti\u00f3n de contrato para garantizar que el uso de los datos personales a los que tenemos acceso para la prestaci\u00f3n del servicio se realice de acuerdo con la legislaci\u00f3n vigente en protecci\u00f3n de datos.<\/p>\r\n<p>Sus derechos pueden ser transferidos entre las empresas de BERTA ROCA COMUNICACI\u00d3 y a las fuerzas de seguridad y cuerpos bajo orden judicial o por obligaci\u00f3n de una norma legal, sin perjuicio de poder bloquear o cancelar su cuenta si no hay indicios de la comisi\u00f3n de alg\u00fan delito en nombre del usuario. La informaci\u00f3n proporcionada ser\u00e1 solo la que el proveedor tenga en ese momento.<\/p>\r\n<p>La informaci\u00f3n proporcionada a trav\u00e9s de este sitio web se destinar\u00e1 a los servidores de BERTA ROCA COMUNICACI\u00d3, contratados a la empresa que proporciona el servicio de alojamiento para el sitio web. El tratamiento de los detalles de la entidad est\u00e1 regulado por un contrato de gesti\u00f3n del tratamiento entre el proveedor y esta empresa.<\/p>\r\n<p>Sin embargo, el proveedor utiliza ciertos servicios para proporcionar servicios necesarios para el desarrollo de la actividad y puede mitigar la gravedad. Estos son los siguientes: Plataformas de correo:<\/p>\r\n<ul>\r\n<li>Mailchimp: The Rocket Science Group, LLC, 675 Ponce de Leon Ave NE, Suite 5000, Atlanta, GA 30308 USA.<\/li>\r\n<li>ZOHO: Delegado de Protecci\u00f3n de Datos, Zoho Corporation BV, Beneluxlan 4B, 3527 HT Utrecht, Pa\u00edses Bajos.<\/li>\r\n<\/ul>\r\n<p><strong>DERECHOS DE LAS PERSONAS INTERESADAS<\/strong>: Como usuario interesado, puede solicitar el ejercicio de los siguientes derechos a BERTA ROCA COMUNICACI\u00d3 enviando una carta a la direcci\u00f3n postal del encabezado o enviando un correo electr\u00f3nico a BERTA ROCA COMUNICACI\u00d3, indicando en el Asunto: \u00abPROTECCI\u00d3N DE DATOS: DERECHOS DE LOS AFECTADOS\u00bb.<\/p>\r\n<div class=\"group final-completion w-full text-token-text-primary border-b border-black\/10 gizmo:border-0 dark:border-gray-900\/50 gizmo:dark:border-0 bg-gray-50 gizmo:bg-transparent dark:bg-[#444654] gizmo:dark:bg-transparent\" data-testid=\"conversation-turn-5\">\r\n<div class=\"p-4 justify-center text-base md:gap-6 md:py-6 m-auto\">\r\n<div class=\"flex flex-1 gap-4 text-base mx-auto md:gap-6 gizmo:gap-3 gizmo:md:px-5 gizmo:lg:px-1 gizmo:xl:px-5 md:max-w-2xl lg:max-w-[38rem] gizmo:md:max-w-3xl gizmo:lg:max-w-[40rem] gizmo:xl:max-w-[48rem] xl:max-w-3xl }\">\r\n<div class=\"relative flex w-[calc(100%-50px)] flex-col gizmo:w-full lg:w-[calc(100%-115px)] agent-turn\">\r\n<div class=\"flex-col gap-1 md:gap-3\">\r\n<div class=\"flex flex-grow flex-col gap-3 max-w-full\">\r\n<div class=\"min-h-[20px] flex flex-col items-start gap-3 whitespace-pre-wrap break-words overflow-x-auto\">\r\n<div class=\"markdown prose w-full break-words dark:prose-invert dark\">\r\n<p><strong>Derechos de las Personas Interesadas:<\/strong><\/p>\r\n<p>Como usuario interesado, puede solicitar el ejercicio de los siguientes derechos a BERTA ROCA COMUNICACI\u00d3 enviando una carta a la direcci\u00f3n postal del encabezado o enviando un correo electr\u00f3nico a BERTA ROCA COMUNICACI\u00d3, indicando en el Asunto: \u00abPROTECCI\u00d3N DE DATOS: DERECHOS DE LOS AFECTADOS\u00bb.<\/p>\r\n<p>Derechos:<\/p>\r\n<ol>\r\n<li>Derecho de Acceso: Permite acceder y obtener informaci\u00f3n sobre sus datos personales sujetos a tratamiento.<\/li>\r\n<li>Derecho de Rectificaci\u00f3n o Supresi\u00f3n: Permite corregir errores y modificar datos que resulten inexactos o incompletos.<\/li>\r\n<li>Derecho de Cancelaci\u00f3n: Permite la eliminaci\u00f3n de datos que a\u00fan sean inadecuados o excesivos.<\/li>\r\n<li>Derecho de Oposici\u00f3n: Derecho del interesado que no desea que se contin\u00fae el tratamiento de sus datos personales o que se cedan a terceros.<\/li>\r\n<li>Limitaci\u00f3n del Tratamiento: Implica la marcaci\u00f3n de datos personales preservados, con el fin de limitar el futuro tratamiento, para el ejercicio o defensa de reclamaciones.<\/li>\r\n<li>Portabilidad de Datos: Facilitaci\u00f3n de datos sujetos a tratamiento a interesados, para que puedan ser transferidos a un responsable, sin impedimentos.<\/li>\r\n<li>No ser objeto de decisiones automatizadas (incluido el perfilado): No ser sujeto de una decisi\u00f3n basada en el procesamiento automatizado que produzca efectos o afecte significativamente.<\/li>\r\n<li>Como usuario, tiene derecho a retirar el consentimiento otorgado en cualquier momento. La retirada del consentimiento no afectar\u00e1 a la legalidad del tratamiento realizado antes de la retirada del consentimiento.<\/li>\r\n<li>Tambi\u00e9n tiene derecho a presentar una reclamaci\u00f3n ante la autoridad de control si considera que sus derechos en relaci\u00f3n a la protecci\u00f3n de sus datos han sido vulnerados (aepd.es).<\/li>\r\n<\/ol>\r\n<p><strong>INFORMACI\u00d3N ADICIONAL<\/strong><\/p>\r\n<p><strong>MEDIDAS DE SEGURIDAD:<\/strong><\/p>\r\n<p>La informaci\u00f3n proporcionada se tratar\u00e1 de forma confidencial. El proveedor ha adoptado todas las medidas t\u00e9cnicas y organizativas y todos los niveles de protecci\u00f3n necesarios para garantizar la seguridad en el procesamiento de datos y evitar alteraciones, p\u00e9rdidas, robos, procesamiento o acceso no autorizado, de acuerdo con el estado de la tecnolog\u00eda y la naturaleza de los datos proporcionados. Asimismo, se garantiza que el tratamiento y registros en archivos, programas, sistemas o equipos, locales y centros cumplen con los requisitos y condiciones de integridad y seguridad establecidos por la normativa vigente.<\/p>\r\n<p><strong>IDIOMA<\/strong><\/p>\r\n<p>El idioma aplicable a esta pol\u00edtica de privacidad es el espa\u00f1ol. Por lo tanto, en caso de haber alguna contradicci\u00f3n en alguna de las versiones proporcionadas en otros idiomas, prevalecer\u00e1 la versi\u00f3n en catal\u00e1n.<\/p>\r\n<p><strong>REDES SOCIALES<\/strong><\/p>\r\n<p>Le informamos que BERTA ROCA COMUNICACI\u00d3 puede estar presente en redes sociales. El tratamiento de los datos que se deba al t\u00e9rmino de las personas que son seguidores de las redes sociales oficiales de BERTA ROCA COMUNICACI\u00d3 est\u00e1 regulado por este apartado, as\u00ed como por aquellas condiciones espec\u00edficas, pol\u00edticas de privacidad y regulaciones espec\u00edficas que pertenezcan al marco social que proceda en cada caso y que hayan sido aceptadas previamente por los usuarios. BERTA ROCA COMUNICACI\u00d3 tratar\u00e1 sus datos con las finalidades de administrar correctamente su presencia en el \u00e1mbito social, informar sobre actividades, productos o servicios del proveedor, junto con cualquier otra finalidad que permita la normativa de las Redes Sociales.<\/p>\r\n<p>Est\u00e1 prohibida la publicaci\u00f3n de contenidos que:<\/p>\r\n<ul>\r\n<li>Se presuman il\u00edcitos seg\u00fan las regulaciones nacionales, comunitarias o internacionales o que realicen actividades que se presuman il\u00edcitas o contravengan los principios de buena fe.<\/li>\r\n<li>Atenten contra los derechos fundamentales de las personas, carezcan de cortes\u00eda en la red, causen molestias o acoso generen opiniones negativas en nuestros usuarios o terceros y, en general, sigan los contenidos que BERTA ROCA COMUNICACI\u00d3 considere inapropiados.<\/li>\r\n<li>Que contravengan los principios de legalidad, honestidad, responsabilidad, protecci\u00f3n de la dignidad humana, protecci\u00f3n de los menores, protecci\u00f3n del \u00e1mbito p\u00fablico, protecci\u00f3n de la vida privada, protecci\u00f3n del consumidor y derechos de propiedad intelectual e industrial.<\/li>\r\n<\/ul>\r\n<p>Asimismo, <strong>BERTA ROCA COMUNICACI\u00d3<\/strong> se reserva el derecho de retirar, sin previo aviso desde el sitio web o el archivo social corporativo, aquellos contenidos que se consideren inapropiados.<\/p>\r\n<p>En todos los casos, si proporciona informaci\u00f3n personal a trav\u00e9s de la red social, BERTA ROCA COMUNICACI\u00d3 quedar\u00e1 exenta de responsabilidad en relaci\u00f3n con las medidas de seguridad aplicables a la plataforma presente y el usuario, en caso de contactar con ellos, deber\u00e1 consultar las correspondientes condiciones particulares del \u00e1rea en la que se encontraba.<\/p>\r\n<p><strong>WHATSAPP<\/strong><\/p>\r\n<p>El tratamiento de los datos que se realice de las personas que realicen una consulta utilizando WhatsApp de BERTA ROCA COMUNICACI\u00d3 est\u00e1 regulado por este apartado, as\u00ed como por aquellas condiciones suyas, pol\u00edticas de privacidad y regulaciones de accesos que pertenezcan a la aplicaci\u00f3n que se siga en cada caso y que hayan sido aceptadas previamente por el usuario. BERTA ROCA COMUNICACI\u00d3 tratar\u00e1 sus detalles con la finalidad de administrar correctamente su consulta, as\u00ed como con cualquier otra finalidad de gesti\u00f3n administrativa del servicio. Se proh\u00edbe el uso de WhatsApp por parte de BERTA ROCA COMUNICACI\u00d3 para el env\u00edo de contenidos que no sigan lo necesario para la respuesta a la consulta y que a\u00fan sean ilegales seg\u00fan las regulaciones nacionales o internacionales que protegen los derechos legales de las personas y en general que contravengan los principios de legalidad, honestidad, responsabilidad, protecci\u00f3n de la vida privada, protecci\u00f3n del consumidor y los derechos de propiedad intelectual e industrial.<\/p>\r\n<p><strong>CAMBIOS EN LA PRESENTE POL\u00cdTICA DE PRIVACIDAD<\/strong><\/p>\r\n<p>BERTA ROCA COMUNICACI\u00d3 se reserva el derecho de modificar esta pol\u00edtica para adaptarla a novedades legislativas o jurisprudenciales.<\/p>\r\n<p><strong>REVOCABILIDAD<\/strong><\/p>\r\n<p>El consentimiento otorgado, as\u00ed como la transacci\u00f3n con la cesi\u00f3n de los derechos de los intereses, es revocable en cualquier momento comunicado a BERTA ROCA COMUNICACI\u00d3 en los t\u00e9rminos establecidos en esta Pol\u00edtica para el ejercicio de derechos. Esta revocaci\u00f3n en este caso no es retroactiva.<\/p>\r\n<\/div>\r\n<\/div>\r\n<\/div>\r\n<\/div>\r\n<\/div>\r\n<\/div>\r\n<\/div>\r\n<\/div>\r\n","protected":false},"excerpt":{"rendered":"<p>Pol\u00edtica de Privacidad INTRODUCCI\u00d3N La seguridad de la privacidad es importante para nosotros, por lo que con este documento explicamos qui\u00e9n recopila los datos de los usuarios, c\u00f3mo se utilizan y por qu\u00e9, entre otras indicaciones. Para su informaci\u00f3n, es posible que solicitemos m\u00e1s informaci\u00f3n de la que realmente necesitamos para satisfacer sus necesidades; sin [&hellip;]<\/p>\n","protected":false},"author":1,"featured_media":0,"parent":0,"menu_order":0,"comment_status":"closed","ping_status":"closed","template":"","meta":{"footnotes":""},"class_list":["post-1110","page","type-page","status-publish","hentry"],"yoast_head":"<!-- This site is optimized with the Yoast SEO plugin v27.3 - https:\/\/yoast.com\/product\/yoast-seo-wordpress\/ -->\n<title>Pol\u00edtica de Privacidad - Berta Roca Comunicaci\u00f3<\/title>\n<meta name=\"robots\" content=\"index, follow, max-snippet:-1, max-image-preview:large, max-video-preview:-1\" \/>\n<link rel=\"canonical\" href=\"https:\/\/bertaroca.com\/es\/politica-de-privacidad\/\" \/>\n<meta property=\"og:locale\" content=\"es_ES\" \/>\n<meta property=\"og:type\" content=\"article\" \/>\n<meta property=\"og:title\" content=\"Pol\u00edtica de Privacidad - Berta Roca Comunicaci\u00f3\" \/>\n<meta property=\"og:description\" content=\"Pol\u00edtica de Privacidad INTRODUCCI\u00d3N La seguridad de la privacidad es importante para nosotros, por lo que con este documento explicamos qui\u00e9n recopila los datos de los usuarios, c\u00f3mo se utilizan y por qu\u00e9, entre otras indicaciones. Para su informaci\u00f3n, es posible que solicitemos m\u00e1s informaci\u00f3n de la que realmente necesitamos para satisfacer sus necesidades; sin [&hellip;]\" \/>\n<meta property=\"og:url\" content=\"https:\/\/bertaroca.com\/es\/politica-de-privacidad\/\" \/>\n<meta property=\"og:site_name\" content=\"Berta Roca Comunicaci\u00f3\" \/>\n<meta property=\"article:modified_time\" content=\"2023-10-13T08:55:47+00:00\" \/>\n<meta name=\"twitter:card\" content=\"summary_large_image\" \/>\n<meta name=\"twitter:label1\" content=\"Tiempo de lectura\" \/>\n\t<meta name=\"twitter:data1\" content=\"10 minutos\" \/>\n<script type=\"application\/ld+json\" class=\"yoast-schema-graph\">{\"@context\":\"https:\\\/\\\/schema.org\",\"@graph\":[{\"@type\":\"WebPage\",\"@id\":\"https:\\\/\\\/bertaroca.com\\\/es\\\/politica-de-privacidad\\\/\",\"url\":\"https:\\\/\\\/bertaroca.com\\\/es\\\/politica-de-privacidad\\\/\",\"name\":\"Pol\u00edtica de Privacidad - Berta Roca Comunicaci\u00f3\",\"isPartOf\":{\"@id\":\"https:\\\/\\\/bertaroca.com\\\/es\\\/#website\"},\"datePublished\":\"2023-06-28T14:03:04+00:00\",\"dateModified\":\"2023-10-13T08:55:47+00:00\",\"breadcrumb\":{\"@id\":\"https:\\\/\\\/bertaroca.com\\\/es\\\/politica-de-privacidad\\\/#breadcrumb\"},\"inLanguage\":\"es\",\"potentialAction\":[{\"@type\":\"ReadAction\",\"target\":[\"https:\\\/\\\/bertaroca.com\\\/es\\\/politica-de-privacidad\\\/\"]}]},{\"@type\":\"BreadcrumbList\",\"@id\":\"https:\\\/\\\/bertaroca.com\\\/es\\\/politica-de-privacidad\\\/#breadcrumb\",\"itemListElement\":[{\"@type\":\"ListItem\",\"position\":1,\"name\":\"Portada\",\"item\":\"https:\\\/\\\/bertaroca.com\\\/es\\\/inicio\\\/\"},{\"@type\":\"ListItem\",\"position\":2,\"name\":\"Pol\u00edtica de Privacidad\"}]},{\"@type\":\"WebSite\",\"@id\":\"https:\\\/\\\/bertaroca.com\\\/es\\\/#website\",\"url\":\"https:\\\/\\\/bertaroca.com\\\/es\\\/\",\"name\":\"Berta Roca Comunicaci\u00f3\",\"description\":\"La comunicaci\u00f3 \u00e9s una eina amb un gran valor estrat\u00e8gic per a la construcci\u00f3 d\u2019una proposta de valor diferencial.\",\"potentialAction\":[{\"@type\":\"SearchAction\",\"target\":{\"@type\":\"EntryPoint\",\"urlTemplate\":\"https:\\\/\\\/bertaroca.com\\\/es\\\/?s={search_term_string}\"},\"query-input\":{\"@type\":\"PropertyValueSpecification\",\"valueRequired\":true,\"valueName\":\"search_term_string\"}}],\"inLanguage\":\"es\"}]}<\/script>\n<!-- \/ Yoast SEO plugin. -->","yoast_head_json":{"title":"Pol\u00edtica de Privacidad - Berta Roca Comunicaci\u00f3","robots":{"index":"index","follow":"follow","max-snippet":"max-snippet:-1","max-image-preview":"max-image-preview:large","max-video-preview":"max-video-preview:-1"},"canonical":"https:\/\/bertaroca.com\/es\/politica-de-privacidad\/","og_locale":"es_ES","og_type":"article","og_title":"Pol\u00edtica de Privacidad - Berta Roca Comunicaci\u00f3","og_description":"Pol\u00edtica de Privacidad INTRODUCCI\u00d3N La seguridad de la privacidad es importante para nosotros, por lo que con este documento explicamos qui\u00e9n recopila los datos de los usuarios, c\u00f3mo se utilizan y por qu\u00e9, entre otras indicaciones. Para su informaci\u00f3n, es posible que solicitemos m\u00e1s informaci\u00f3n de la que realmente necesitamos para satisfacer sus necesidades; sin [&hellip;]","og_url":"https:\/\/bertaroca.com\/es\/politica-de-privacidad\/","og_site_name":"Berta Roca Comunicaci\u00f3","article_modified_time":"2023-10-13T08:55:47+00:00","twitter_card":"summary_large_image","twitter_misc":{"Tiempo de lectura":"10 minutos"},"schema":{"@context":"https:\/\/schema.org","@graph":[{"@type":"WebPage","@id":"https:\/\/bertaroca.com\/es\/politica-de-privacidad\/","url":"https:\/\/bertaroca.com\/es\/politica-de-privacidad\/","name":"Pol\u00edtica de Privacidad - Berta Roca Comunicaci\u00f3","isPartOf":{"@id":"https:\/\/bertaroca.com\/es\/#website"},"datePublished":"2023-06-28T14:03:04+00:00","dateModified":"2023-10-13T08:55:47+00:00","breadcrumb":{"@id":"https:\/\/bertaroca.com\/es\/politica-de-privacidad\/#breadcrumb"},"inLanguage":"es","potentialAction":[{"@type":"ReadAction","target":["https:\/\/bertaroca.com\/es\/politica-de-privacidad\/"]}]},{"@type":"BreadcrumbList","@id":"https:\/\/bertaroca.com\/es\/politica-de-privacidad\/#breadcrumb","itemListElement":[{"@type":"ListItem","position":1,"name":"Portada","item":"https:\/\/bertaroca.com\/es\/inicio\/"},{"@type":"ListItem","position":2,"name":"Pol\u00edtica de Privacidad"}]},{"@type":"WebSite","@id":"https:\/\/bertaroca.com\/es\/#website","url":"https:\/\/bertaroca.com\/es\/","name":"Berta Roca Comunicaci\u00f3","description":"La comunicaci\u00f3 \u00e9s una eina amb un gran valor estrat\u00e8gic per a la construcci\u00f3 d\u2019una proposta de valor diferencial.","potentialAction":[{"@type":"SearchAction","target":{"@type":"EntryPoint","urlTemplate":"https:\/\/bertaroca.com\/es\/?s={search_term_string}"},"query-input":{"@type":"PropertyValueSpecification","valueRequired":true,"valueName":"search_term_string"}}],"inLanguage":"es"}]}},"_links":{"self":[{"href":"https:\/\/bertaroca.com\/es\/wp-json\/wp\/v2\/pages\/1110","targetHints":{"allow":["GET"]}}],"collection":[{"href":"https:\/\/bertaroca.com\/es\/wp-json\/wp\/v2\/pages"}],"about":[{"href":"https:\/\/bertaroca.com\/es\/wp-json\/wp\/v2\/types\/page"}],"author":[{"embeddable":true,"href":"https:\/\/bertaroca.com\/es\/wp-json\/wp\/v2\/users\/1"}],"replies":[{"embeddable":true,"href":"https:\/\/bertaroca.com\/es\/wp-json\/wp\/v2\/comments?post=1110"}],"version-history":[{"count":3,"href":"https:\/\/bertaroca.com\/es\/wp-json\/wp\/v2\/pages\/1110\/revisions"}],"predecessor-version":[{"id":1116,"href":"https:\/\/bertaroca.com\/es\/wp-json\/wp\/v2\/pages\/1110\/revisions\/1116"}],"wp:attachment":[{"href":"https:\/\/bertaroca.com\/es\/wp-json\/wp\/v2\/media?parent=1110"}],"curies":[{"name":"wp","href":"https:\/\/api.w.org\/{rel}","templated":true}]}}