{"id":1099,"date":"2023-06-30T11:15:08","date_gmt":"2023-06-30T11:15:08","guid":{"rendered":"https:\/\/berta.cloutions.com\/politica-de-galetes\/"},"modified":"2023-10-13T08:29:31","modified_gmt":"2023-10-13T08:29:31","slug":"politica-de-cookies","status":"publish","type":"page","link":"https:\/\/bertaroca.com\/es\/politica-de-cookies\/","title":{"rendered":"Pol\u00edtica de Cookies"},"content":{"rendered":"<h2 style=\"text-align: center;\">Pol\u00edtica de Cookies<\/h2>\n<p><strong>IDENTIFICACI\u00d3N Y POL\u00cdTICA DE COOKIES<\/strong><\/p>\n<p>Esta p\u00e1gina web <strong>www.bertaroca.com<\/strong> (en adelante, la \u201cWeb\u201d) es propiedad de <strong>BERTA ROCA COMUNICACI\u00d3N<\/strong> con la sociedad <strong>BERTA ROCA COMUNICACI\u00d3N<\/strong> sociedad constituida y existente de acuerdo con la legislaci\u00f3n espa\u00f1ola, con domicilio social en C\/ Proven\u00e7a 287, pal primera, 08037 Barcelona, \u200b\u200be inscrita en el Registro Mercantil de Barcelona, \u200b\u200bNIF n\u00famero <strong>46133132P.<\/strong><\/p>\n<p>En nuestra web utilizamos cookies propias que nos permiten mejorar la experiencia de usuario y ofrecer contenidos adaptados a sus intereses gracias a la personalizaci\u00f3n del contenido. Adem\u00e1s, utilizamos cookies de terceras partes que personalizan la publicidad de las p\u00e1ginas que visitas con contenido de inter\u00e9s para nuestros usuarios.<\/p>\n<p>En caso de que contin\u00faes navegando con el navegador configurado para aceptar cookies, entenderemos que aceptas la instalaci\u00f3n de cookies tal y como se detalla en la Pol\u00edtica de Cookies.<\/p>\n<p><strong>INFORMACI\u00d3N B\u00c1SICA DE COOKIES<\/strong><\/p>\n<p><strong>\u00bfQu\u00e9 son las cookies?<\/strong><\/p>\n<p>Las cookies son peque\u00f1as piezas de informaci\u00f3n que se almacenan en el navegador de su ordenador, tableta o tel\u00e9fono m\u00f3vil cuando visita nuestro sitio web, y que facilitan y personalizan la navegaci\u00f3n al visitar las mismas p\u00e1ginas.<\/p>\n<p><strong>\u00bfQu\u00e9 hacen las cookies?<\/strong><\/p>\n<p>Las cookies no identifican personalmente y no suponen ning\u00fan riesgo para su ordenador o dispositivo m\u00f3vil. No son virus ni software esp\u00eda. Simplemente son herramientas utilizadas por los sitios web que visitas para mejorar su navegaci\u00f3n, para que sus datos viajen por la red seguras, para ayudarnos a entender qu\u00e9 informaci\u00f3n de nuestra web es m\u00e1s \u00fatil para nuestros usuarios o para saber qu\u00e9 ofertas pueden ser del inter\u00e9s de cada usuario. Y todo esto de una manera totalmente an\u00f3nima: nunca sabremos su nombre, direcci\u00f3n o tel\u00e9fono a menos que t\u00fa nos los facilite. Usted decide si permite o no las cookies, pero si decide no permitirlas, debe bloquearlas en su navegador.<\/p>\n<p>Adem\u00e1s, debe tener en cuenta que, si decide no permitir el uso de cookies de la Web puede que algunas caracter\u00edsticas de la Web no funcionen correctamente y, adem\u00e1s, no podremos adaptar la informaci\u00f3n que ofrecemos a sus intereses.<\/p>\n<p>\u00bfDurante cu\u00e1nto tiempo est\u00e1n activas las cookies?<\/p>\n<p>B\u00e1sicamente, existen dos tipos de cookies:<\/p>\n<p>Las de sesi\u00f3n, que expiran cuando abandona la p\u00e1gina o cierra el navegador, es decir, est\u00e1n activas mientras dura su visita a nuestro sitio web. Se borran cuando apague el dispositivo.<br \/>\nLas permanentes, que expiran cuando se cumple el objetivo para lo que sirven o cuando se borran manualmente, todas tienen una fecha de borrado autom\u00e1tica y se utilizan normalmente en procesos de compra online, personalizaciones o en el registro, por no haber que introducir la contrase\u00f1a constantemente.<\/p>\n<p>\u00bfPor qu\u00e9 utilizamos cookies en <strong>BERTA ROCA COMUNICACI\u00d3N?<\/strong><\/p>\n<p>Utilizamos las cookies para diferentes finalidades que son b\u00e1sicamente estas:<\/p>\n<p>T\u00e9cnicas: son necesarias para que pueda navegar por la Web correctamente y que pueda acceder a todas las secciones sin problemas.<br \/>\nDe an\u00e1lisis: nos permiten entender c\u00f3mo navega por nuestra web, ver qu\u00e9 funciona y qu\u00e9 no, mejorar la p\u00e1gina web, calcular cu\u00e1nta gente la visita, para mejorar los servicios que le podemos ofrecer. Esta informaci\u00f3n es an\u00f3nima, y \u200b\u200bs\u00f3lo la necesitamos para fines estad\u00edsticos.<br \/>\nComplementos de medios sociales: facilitan su acceso a nuestros canales en redes sociales para que puedan mantenerlo al d\u00eda con consejos y novedades, as\u00ed como \u2013 participar de nuestra comunidad online.<br \/>\nPublicidad: en ocasiones analizamos sus preferencias en la web para poder mostrar publicidad relacionada con sus gustos. As\u00ed no le hacemos perder el tiempo con ofertas que realmente no le son \u00fatiles.<\/p>\n<p><strong>C\u00d3MO CONFIGURAR\/DESACTIVAR LAS COOKIES\u00a0<\/strong><\/p>\n<p>\u00bfQuiere desactivar las cookies de su navegador?<\/p>\n<p>Por lo general, los navegadores permiten las cookies por defecto. Cuando navegas por la web est\u00e1s aceptando el uso de cookies. Sin embargo, t\u00fa decides si quieres navegar con o sin cookies, ya que pueden modificar tus preferencias en cualquier momento.<\/p>\n","protected":false},"excerpt":{"rendered":"<p>Pol\u00edtica de Cookies IDENTIFICACI\u00d3N Y POL\u00cdTICA DE COOKIES Esta p\u00e1gina web www.bertaroca.com (en adelante, la \u201cWeb\u201d) es propiedad de BERTA ROCA COMUNICACI\u00d3N con la sociedad BERTA ROCA COMUNICACI\u00d3N sociedad constituida y existente de acuerdo con la legislaci\u00f3n espa\u00f1ola, con domicilio social en C\/ Proven\u00e7a 287, pal primera, 08037 Barcelona, \u200b\u200be inscrita en el Registro Mercantil [&hellip;]<\/p>\n","protected":false},"author":1,"featured_media":0,"parent":0,"menu_order":0,"comment_status":"closed","ping_status":"closed","template":"","meta":{"footnotes":""},"class_list":["post-1099","page","type-page","status-publish","hentry"],"yoast_head":"<!-- This site is optimized with the Yoast SEO plugin v27.5 - https:\/\/yoast.com\/product\/yoast-seo-wordpress\/ -->\n<title>Pol\u00edtica de Cookies - Berta Roca Comunicaci\u00f3<\/title>\n<meta name=\"robots\" content=\"index, follow, max-snippet:-1, max-image-preview:large, max-video-preview:-1\" \/>\n<link rel=\"canonical\" href=\"https:\/\/bertaroca.com\/es\/politica-de-cookies\/\" \/>\n<meta property=\"og:locale\" content=\"es_ES\" \/>\n<meta property=\"og:type\" content=\"article\" \/>\n<meta property=\"og:title\" content=\"Pol\u00edtica de Cookies - Berta Roca Comunicaci\u00f3\" \/>\n<meta property=\"og:description\" content=\"Pol\u00edtica de Cookies IDENTIFICACI\u00d3N Y POL\u00cdTICA DE COOKIES Esta p\u00e1gina web www.bertaroca.com (en adelante, la \u201cWeb\u201d) es propiedad de BERTA ROCA COMUNICACI\u00d3N con la sociedad BERTA ROCA COMUNICACI\u00d3N sociedad constituida y existente de acuerdo con la legislaci\u00f3n espa\u00f1ola, con domicilio social en C\/ Proven\u00e7a 287, pal primera, 08037 Barcelona, \u200b\u200be inscrita en el Registro Mercantil [&hellip;]\" \/>\n<meta property=\"og:url\" content=\"https:\/\/bertaroca.com\/es\/politica-de-cookies\/\" \/>\n<meta property=\"og:site_name\" content=\"Berta Roca Comunicaci\u00f3\" \/>\n<meta property=\"article:modified_time\" content=\"2023-10-13T08:29:31+00:00\" \/>\n<meta name=\"twitter:card\" content=\"summary_large_image\" \/>\n<meta name=\"twitter:label1\" content=\"Tiempo de lectura\" \/>\n\t<meta name=\"twitter:data1\" content=\"4 minutos\" \/>\n<script type=\"application\/ld+json\" class=\"yoast-schema-graph\">{\"@context\":\"https:\\\/\\\/schema.org\",\"@graph\":[{\"@type\":\"WebPage\",\"@id\":\"https:\\\/\\\/bertaroca.com\\\/es\\\/politica-de-cookies\\\/\",\"url\":\"https:\\\/\\\/bertaroca.com\\\/es\\\/politica-de-cookies\\\/\",\"name\":\"Pol\u00edtica de Cookies - Berta Roca Comunicaci\u00f3\",\"isPartOf\":{\"@id\":\"https:\\\/\\\/bertaroca.com\\\/es\\\/#website\"},\"datePublished\":\"2023-06-30T11:15:08+00:00\",\"dateModified\":\"2023-10-13T08:29:31+00:00\",\"breadcrumb\":{\"@id\":\"https:\\\/\\\/bertaroca.com\\\/es\\\/politica-de-cookies\\\/#breadcrumb\"},\"inLanguage\":\"es\",\"potentialAction\":[{\"@type\":\"ReadAction\",\"target\":[\"https:\\\/\\\/bertaroca.com\\\/es\\\/politica-de-cookies\\\/\"]}]},{\"@type\":\"BreadcrumbList\",\"@id\":\"https:\\\/\\\/bertaroca.com\\\/es\\\/politica-de-cookies\\\/#breadcrumb\",\"itemListElement\":[{\"@type\":\"ListItem\",\"position\":1,\"name\":\"Portada\",\"item\":\"https:\\\/\\\/bertaroca.com\\\/es\\\/inicio\\\/\"},{\"@type\":\"ListItem\",\"position\":2,\"name\":\"Pol\u00edtica de Cookies\"}]},{\"@type\":\"WebSite\",\"@id\":\"https:\\\/\\\/bertaroca.com\\\/es\\\/#website\",\"url\":\"https:\\\/\\\/bertaroca.com\\\/es\\\/\",\"name\":\"Berta Roca Comunicaci\u00f3\",\"description\":\"La comunicaci\u00f3 \u00e9s una eina amb un gran valor estrat\u00e8gic per a la construcci\u00f3 d\u2019una proposta de valor diferencial.\",\"potentialAction\":[{\"@type\":\"SearchAction\",\"target\":{\"@type\":\"EntryPoint\",\"urlTemplate\":\"https:\\\/\\\/bertaroca.com\\\/es\\\/?s={search_term_string}\"},\"query-input\":{\"@type\":\"PropertyValueSpecification\",\"valueRequired\":true,\"valueName\":\"search_term_string\"}}],\"inLanguage\":\"es\"}]}<\/script>\n<!-- \/ Yoast SEO plugin. -->","yoast_head_json":{"title":"Pol\u00edtica de Cookies - Berta Roca Comunicaci\u00f3","robots":{"index":"index","follow":"follow","max-snippet":"max-snippet:-1","max-image-preview":"max-image-preview:large","max-video-preview":"max-video-preview:-1"},"canonical":"https:\/\/bertaroca.com\/es\/politica-de-cookies\/","og_locale":"es_ES","og_type":"article","og_title":"Pol\u00edtica de Cookies - Berta Roca Comunicaci\u00f3","og_description":"Pol\u00edtica de Cookies IDENTIFICACI\u00d3N Y POL\u00cdTICA DE COOKIES Esta p\u00e1gina web www.bertaroca.com (en adelante, la \u201cWeb\u201d) es propiedad de BERTA ROCA COMUNICACI\u00d3N con la sociedad BERTA ROCA COMUNICACI\u00d3N sociedad constituida y existente de acuerdo con la legislaci\u00f3n espa\u00f1ola, con domicilio social en C\/ Proven\u00e7a 287, pal primera, 08037 Barcelona, \u200b\u200be inscrita en el Registro Mercantil [&hellip;]","og_url":"https:\/\/bertaroca.com\/es\/politica-de-cookies\/","og_site_name":"Berta Roca Comunicaci\u00f3","article_modified_time":"2023-10-13T08:29:31+00:00","twitter_card":"summary_large_image","twitter_misc":{"Tiempo de lectura":"4 minutos"},"schema":{"@context":"https:\/\/schema.org","@graph":[{"@type":"WebPage","@id":"https:\/\/bertaroca.com\/es\/politica-de-cookies\/","url":"https:\/\/bertaroca.com\/es\/politica-de-cookies\/","name":"Pol\u00edtica de Cookies - Berta Roca Comunicaci\u00f3","isPartOf":{"@id":"https:\/\/bertaroca.com\/es\/#website"},"datePublished":"2023-06-30T11:15:08+00:00","dateModified":"2023-10-13T08:29:31+00:00","breadcrumb":{"@id":"https:\/\/bertaroca.com\/es\/politica-de-cookies\/#breadcrumb"},"inLanguage":"es","potentialAction":[{"@type":"ReadAction","target":["https:\/\/bertaroca.com\/es\/politica-de-cookies\/"]}]},{"@type":"BreadcrumbList","@id":"https:\/\/bertaroca.com\/es\/politica-de-cookies\/#breadcrumb","itemListElement":[{"@type":"ListItem","position":1,"name":"Portada","item":"https:\/\/bertaroca.com\/es\/inicio\/"},{"@type":"ListItem","position":2,"name":"Pol\u00edtica de Cookies"}]},{"@type":"WebSite","@id":"https:\/\/bertaroca.com\/es\/#website","url":"https:\/\/bertaroca.com\/es\/","name":"Berta Roca Comunicaci\u00f3","description":"La comunicaci\u00f3 \u00e9s una eina amb un gran valor estrat\u00e8gic per a la construcci\u00f3 d\u2019una proposta de valor diferencial.","potentialAction":[{"@type":"SearchAction","target":{"@type":"EntryPoint","urlTemplate":"https:\/\/bertaroca.com\/es\/?s={search_term_string}"},"query-input":{"@type":"PropertyValueSpecification","valueRequired":true,"valueName":"search_term_string"}}],"inLanguage":"es"}]}},"_links":{"self":[{"href":"https:\/\/bertaroca.com\/es\/wp-json\/wp\/v2\/pages\/1099","targetHints":{"allow":["GET"]}}],"collection":[{"href":"https:\/\/bertaroca.com\/es\/wp-json\/wp\/v2\/pages"}],"about":[{"href":"https:\/\/bertaroca.com\/es\/wp-json\/wp\/v2\/types\/page"}],"author":[{"embeddable":true,"href":"https:\/\/bertaroca.com\/es\/wp-json\/wp\/v2\/users\/1"}],"replies":[{"embeddable":true,"href":"https:\/\/bertaroca.com\/es\/wp-json\/wp\/v2\/comments?post=1099"}],"version-history":[{"count":3,"href":"https:\/\/bertaroca.com\/es\/wp-json\/wp\/v2\/pages\/1099\/revisions"}],"predecessor-version":[{"id":1100,"href":"https:\/\/bertaroca.com\/es\/wp-json\/wp\/v2\/pages\/1099\/revisions\/1100"}],"wp:attachment":[{"href":"https:\/\/bertaroca.com\/es\/wp-json\/wp\/v2\/media?parent=1099"}],"curies":[{"name":"wp","href":"https:\/\/api.w.org\/{rel}","templated":true}]}}