{"id":1109,"date":"2023-06-28T14:03:04","date_gmt":"2023-06-28T14:03:04","guid":{"rendered":"https:\/\/berta.cloutions.com\/politica-de-privadesa\/"},"modified":"2023-10-13T09:28:56","modified_gmt":"2023-10-13T09:28:56","slug":"privacy-policy","status":"publish","type":"page","link":"https:\/\/bertaroca.com\/en\/privacy-policy\/","title":{"rendered":"Privacy Policy"},"content":{"rendered":"\r\n<h2 class=\"western wp-block-heading\" style=\"text-align: center;\">Privacy Policy<\/h2>\r\n<p><strong>INTRODUCTION<\/strong><\/p>\r\n<p>Private security is important for us, so, with this document, we explain who data is collected by users, how they are used and why, among other indications.<\/p>\r\n<p>For your information, we may require more information than we actually need to serve your requirements; However, we will not share it with third parties, except by legal obligation or without prior authorization; We will not use these details for any other purpose not previously indicated.<\/p>\r\n<p>As users, please carefully read this Privacy Policy on a regular basis, and always enter your personal details, as this document may allow modifications as the provider may modify any type of information that may appear on the website. Comply with the regulations or update the policy, and it is felt that there is an obligation to notify or inform users of these obligations, and publication on the provider&#8217;s website is sufficient.<\/p>\r\n<p><strong>COMPANIES TO WHICH THIS PRIVACY POLICY APPLIES<\/strong><\/p>\r\n<p><strong>BERTA ROCA COMUNICACI\u00d3<\/strong> with NIF <strong>46133132P<\/strong> domicile at C\/ Proven\u00e7a 287, ppal 1, 08037 Barcelona, \u200b\u200bregistration details Barcelona Commercial Registry.<\/p>\r\n<p>Email: <strong>info@bertaroca.net<\/strong><\/p>\r\n<p><strong>BERTA ROCA COMUNICACI\u00d3<\/strong>, as responsible for the entire website, in accordance with the provisions of Regulation (EU) 2016\/679 of April 27, 2016 (RGPD) relating to the protection of natural persons for the processing of data personal data and the rest of the regulations in force regarding the protection of personal data, and by Law 34\/2002, dated July 11, of Services of the Information Society and Electronic Commerce ( LSSICE), we inform you that the necessary security measures, of a technical and organizational nature, have been implemented to guarantee and protect the confidentiality, integrity and availability of the data entered.<\/p>\r\n<p>METHOD OF OBTAINING THE DATA AND DATA THAT WE RECAP: The data that we collect and how we obtain them are as follows:<\/p>\r\n<ol>\r\n<li>\r\n<p><strong>Contact form:<\/strong><br \/>Required details: name, email, age, phone,<br \/>Finality: to respond to queries and\/or provide information required by the User<br \/>Legitimacy: user consent<\/p>\r\n<\/li>\r\n<li>\r\n<p><strong>During the term of the contractual relationship and the administrative, fiscal and comparable procedures that follow and are necessary under the current legislation<\/strong><\/p>\r\n<p>Data required: name and address, telephone number, address, DNI, email, signature<\/p>\r\n<p>Completion: during the term of the fiscal commercial and internal administrative management<\/p>\r\n<p>Legitimacy: Consent of interest and contractual relationship<\/p>\r\n<\/li>\r\n<li>\r\n<p><strong>WhatsApp: The WhatsApp section of this policy details its uses.<\/strong><\/p>\r\n<p>Those responsible who are part of BERTA ROCA COMUNICACI\u00d3 can protect the transmission of personal data with internal administrative purposes between them, in the legitimate interest of agreement with the one regulated by considering 48 of the RGPD.<\/p>\r\n<p>You may revoke your consent at any time by sending a letter to the &#8220;Baixa&#8221; submission to the email you receive.<\/p>\r\n<\/li>\r\n<\/ol>\r\n<p>In accordance with the LSSICE, <strong>BERTA ROCA COMUNICACI\u00d3<\/strong> does not carry out SPAM practices, therefore, it does not send commercial emails by electronic mail that have not been previously requested for tenders or authorizations by the User. Consequently, to all communications received from the provider, the user has the possibility of canceling his or her express consent to reopen our communications.<\/p>\r\n<p>We will not treat your personal data beyond the limits described except by legal obligation or judicial requirement.<\/p>\r\n<p>You will not be subject to decisions based on automated processes that produce effects on your data.<\/p>\r\n<p><strong>DATA CONSERVATION TERM:<\/strong><\/p>\r\n<p>Your data will be retained for the duration of the commercial relationship between us and will exercise your right of cancellation or opposition, or limitation to the transaction. However, we will keep your data in the terms legally provided for in the applicable provisions.<\/p>\r\n<p><strong>RECIPIENTS OF ASSIGNMENTS OR TRANSFERS:<\/strong><\/p>\r\n<p><strong>BERTA ROCA COMUNICACI\u00d3<\/strong> may contract certain services for the provision of services which will be carried out by third parties (Transaction Management) to whom the data will be communicated. In all of these companies, the corresponding contract for contract management is signed to guarantee that the use of the personal data to which we have access for the provision of the service is carried out in accordance with the current legislation on data protection.<\/p>\r\n<p>Your rights may be transferred between the companies of<strong> BERTA ROCA COMUNICACI\u00d3<\/strong> and to the security forces and cossos under judicial order or by obligation of a legal norm, without prejudice to being able to block or cancel your compte if you do not have indications of the commission of some crime on behalf of lusuari. The information provided will be only what the provider has at that time.<\/p>\r\n<p>The information provided through this website will be allocated to the servers of <strong>BERTA ROCA COMUNICACI\u00d3<\/strong>, contracted to the company that provides the hosting service for the website. The treatment of the details of the entity is regulated by a contract for the management of the treatment between the provider and this company.<\/p>\r\n<p>However, the provider uses certain services to provide services necessary for the development of lactivitat, and can mitigate the severity. These are the following:<\/p>\r\n<p><strong>Mail platforms:<\/strong><\/p>\r\n<ul>\r\n<li>\r\n<p>Mailchimp: The Rocket Science Group, LLC, 675 Ponce de Leon Ave NE, Suite 5000, Atlanta, GA 30308 USA.<\/p>\r\n<\/li>\r\n<li>\r\n<p>ZOHO: Delegat de Protecci\u00f3 de Dades, Zoho Corporation BV, Beneluxlan 4B, 3527 HT Utrecht, Pa\u00efsos Baixos.<\/p>\r\n<\/li>\r\n<\/ul>\r\n<p><strong>DRETS OF INTERESTED PERSONS:<\/strong><\/p>\r\n<p>As a user-interest, you can request the exercise of the following addresses from <strong>BERTA ROCA COMUNICACI\u00d3<\/strong> by submitting a letter to the postal address of the encap\u00e7alament or sending an email to<strong> BERTA ROCA COMUNICACI\u00d3<\/strong>, indicating with the Assumpte: &#8220;PROTECTION OF DATES: DRETS DELS AFFECTED&#8221; .<\/p>\r\n<p>Drets:<\/p>\r\n<ul>\r\n<li>\r\n<p>Dret d&#8217;acc\u00e9s: allows you to access and obtain information about your personal information subject to treatment.<\/p>\r\n<\/li>\r\n<li>\r\n<p>Right of rectification or deletion: allows you to correct errors and modify data that turn out to be inaccurate or incomplete<\/p>\r\n<\/li>\r\n<li>\r\n<p>Dret de cancel\u00b7laci\u00f3: allows the deletion of data that are still inadequate or excessive<\/p>\r\n<\/li>\r\n<li>\r\n<p>Dret d&#8217;oposici\u00f3: dret de l&#8217;interest that is not dugui to terminate the treatment of your data of a personal nature or s&#8217;hi cesi.<\/p>\r\n<\/li>\r\n<li>\r\n<p>Limitation of the transaction: involves the marking of preserved personal data, in order to limit the future transaction, for the exercise or defense of claims.<\/p>\r\n<\/li>\r\n<li>\r\n<p>Data portability: facilitation of data subject to processing to interests, so that this can be transferred to a responsible party, without impediments.<\/p>\r\n<\/li>\r\n<li>\r\n<p>Not to be subject to automated individual decisions (including profiling): not to be subject to a decision based on automated processing that produces effects or significantly affects<\/p>\r\n<\/li>\r\n<li>\r\n<p>As a user, you have the right to withdraw the consent given at any time. The withdrawal of consent will not affect the legality of the processing carried out before the withdrawal of consent.<\/p>\r\n<\/li>\r\n<li>\r\n<p>Tambi\u00e9n tiene derecho a presentar una reclamaci\u00f3n ante la autoridad de control si considera que pueden haberse visto vulnerados sus derechos en relaci\u00f3n a la protecci\u00f3n de sus datos (aepd.es).<\/p>\r\n<\/li>\r\n<li>\r\n<p>Com a usuari, teniu dret a retirar el consentiment donat en qualsevol moment. La retirada del consentiment no afecta la licitud del tractament efectuat abans de la retirada del consentiment.<\/p>\r\n<\/li>\r\n<li>\r\n<p>Tamb\u00e9 t\u00e9 dret a presentar una reclamaci\u00f3 davant l&#8217;autoritat de control si considera que els seus drets s&#8217;han vist vulnerats en relaci\u00f3 amb la protecci\u00f3 de les seves dades (aepd.es).<\/p>\r\n<\/li>\r\n<\/ul>\r\n<p><strong>ADDITIONAL INFORMATION<\/strong><\/p>\r\n<p><strong>SAFETY MEASURES:<\/strong><\/p>\r\n<p>The information provided will be treated confidentially. The provider has adopted all the technical and organizational measures and all the levels of protection necessary to guarantee security in the processing of data and avoid alteration, loss, theft, processing or unauthorized access, according to the state of technology and nature of the givens given. Aix\u00ed mateix, it is also a guarantor that the tractament and registers in fitxers, programs, systems or equipment, locals and centers compleixen the requirements and the conditions of integrity and security establishes to the regulations in force.<\/p>\r\n<p><strong>LANGUAGE<\/strong><\/p>\r\n<p>The language applicable to this privacy policy is Spanish. Therefore, in case you make any contradiction in any of the versions provided in other languages, the Catalan version will prevail.<\/p>\r\n<p><strong>XARXES SOCIALS<\/strong><\/p>\r\n<p>Please inform us that BERTA ROCA COMUNICACI\u00d3 can be present at social organizations. The treatment of the data that is due to the term of the people who are followers of the social networks (i\/o realization of any connection or connection action through the social networks) of the official pages of <strong>BERTA ROCA COMUNICACI\u00d3<\/strong> is governed by This apartat, also with those specific conditions, privacy policies and specific regulations that pertain to the social framework that proceeds in each case and accepted previously by users.<\/p>\r\n<p><strong>BERTA ROCA COMUNICACI\u00d3<\/strong> will treat your data with the finalities of correctly administering your presence in the social field, informing the activities, products or services of the provider, together with the qualsevol other purposes that the regulations of the Social Charts allow.<\/p>\r\n<p>The publication of continguts is prohibited:<\/p>\r\n<ul>\r\n<li>\r\n<p>That they are presumed illicit by national, community or international regulations or that they carry out activities that are presumed illicit or contravene the principles of bona fide.<\/p>\r\n<\/li>\r\n<li>\r\n<p>That attempts against the fundamental rights of persons, lack of courtesy to the xarxa, annoyance or harassment generate negative opinions in our users or third parties and in general qualssevol follow the continguts that BERTA ROCA COMUNICACI\u00d3 considers inappropriate.<\/p>\r\n<\/li>\r\n<li>\r\n<p>I, in general, that contravenes the principles of legality, honesty, responsibility, protection of human dignity, protection of minors, protection of the public world, protection of private life, consumer protection and intellectual property rights \u00b7lectual and industrial.<\/p>\r\n<\/li>\r\n<\/ul>\r\n<p>Aix\u00ed mateix, <strong>BERTA ROCA COMUNICACI\u00d3<\/strong> reserves the right to withdraw, without prior notice from the website or the corporate social archive, those contingencies that are considered inappropriate.<\/p>\r\n<p>In all cases, if you submit personal information through the social network, BERTA ROCA COMUNICACI\u00d3 will be exempt from liability in relation to the security measures applicable to the present platform and the user, in case of contacting them, must consult the corresponding particular conditions of the area in which it was.<\/p>\r\n<p><strong>WHATSAPP<\/strong><\/p>\r\n<p>The treatment of data that is duguin to terme of the people who make a consultation using WhatsApp of <strong>BERTA ROCA COMUNICACI\u00d3<\/strong> is governed by this apartat, also with those conditions of yours, privacy policies and regulations of accesses that pertanyin to it application that follows in each case and accepted in advance by the user. <strong>BERTA ROCA COMUNICACI\u00d3<\/strong>, will treat your details with the finality of correctly administering your consultation, as well as with any other finality of the administrative management of the service. The use of WhatsApp by <strong>BERTA ROCA COMUNICACI\u00d3<\/strong> is prohibited for the sending of continguts that do not follow what is necessary for the response to the consultation and which are still illegal by national or international regulations that protect against the legal rights of persons and in general who contravene the principles of legality, honesty, responsibility, protection of private life, consumer protection and the rights of intellectual and industrial property.<\/p>\r\n<p><strong>CANVIS TO THE PRESENT PRIVACITAT POLICY<\/strong><\/p>\r\n<p>BERTA ROCA COMUNICACI\u00d3 reserves the right to modify this policy to adapt it to legislative or jurisprudential novelties.<\/p>\r\n<p><strong>REVOCABILITY<\/strong><\/p>\r\n<p>The consent provided, as well as the transaction with the transfer of the rights of the interests, is revocable at any time communicated to BERTA ROCA COMUNICACI\u00d3 in the terms established in this Policy for the exercise of rights. This revocation in this case is not retroactive.<\/p>\r\n<p><strong>LEGISLATION<\/strong><\/p>\r\n<p>With a general character, the relationships between BERTA ROCA COMUNICACI\u00d3 and the Users of its telematic services, present on this website, are subject to the Spanish legislation and jurisdiction to which the parties expressly submit, are competent for the resolution of all conflicts arising or relations with the Jutjats and Courts of Barcelona.<\/p>\r\n","protected":false},"excerpt":{"rendered":"<p>Privacy Policy INTRODUCTION Private security is important for us, so, with this document, we explain who data is collected by users, how they are used and why, among other indications. For your information, we may require more information than we actually need to serve your requirements; However, we will not share it with third parties, [&hellip;]<\/p>\n","protected":false},"author":1,"featured_media":0,"parent":0,"menu_order":0,"comment_status":"closed","ping_status":"closed","template":"","meta":{"footnotes":""},"class_list":["post-1109","page","type-page","status-publish","hentry"],"yoast_head":"<!-- This site is optimized with the Yoast SEO plugin v27.3 - https:\/\/yoast.com\/product\/yoast-seo-wordpress\/ -->\n<title>Privacy Policy - Berta Roca Comunicaci\u00f3<\/title>\n<meta name=\"robots\" content=\"index, follow, max-snippet:-1, max-image-preview:large, max-video-preview:-1\" \/>\n<link rel=\"canonical\" href=\"https:\/\/bertaroca.com\/en\/privacy-policy\/\" \/>\n<meta property=\"og:locale\" content=\"en_US\" \/>\n<meta property=\"og:type\" content=\"article\" \/>\n<meta property=\"og:title\" content=\"Privacy Policy - Berta Roca Comunicaci\u00f3\" \/>\n<meta property=\"og:description\" content=\"Privacy Policy INTRODUCTION Private security is important for us, so, with this document, we explain who data is collected by users, how they are used and why, among other indications. For your information, we may require more information than we actually need to serve your requirements; However, we will not share it with third parties, [&hellip;]\" \/>\n<meta property=\"og:url\" content=\"https:\/\/bertaroca.com\/en\/privacy-policy\/\" \/>\n<meta property=\"og:site_name\" content=\"Berta Roca Comunicaci\u00f3\" \/>\n<meta property=\"article:modified_time\" content=\"2023-10-13T09:28:56+00:00\" \/>\n<meta name=\"twitter:card\" content=\"summary_large_image\" \/>\n<meta name=\"twitter:label1\" content=\"Est. reading time\" \/>\n\t<meta name=\"twitter:data1\" content=\"11 minutes\" \/>\n<script type=\"application\/ld+json\" class=\"yoast-schema-graph\">{\"@context\":\"https:\\\/\\\/schema.org\",\"@graph\":[{\"@type\":\"WebPage\",\"@id\":\"https:\\\/\\\/bertaroca.com\\\/en\\\/privacy-policy\\\/\",\"url\":\"https:\\\/\\\/bertaroca.com\\\/en\\\/privacy-policy\\\/\",\"name\":\"Privacy Policy - Berta Roca Comunicaci\u00f3\",\"isPartOf\":{\"@id\":\"https:\\\/\\\/bertaroca.com\\\/en\\\/#website\"},\"datePublished\":\"2023-06-28T14:03:04+00:00\",\"dateModified\":\"2023-10-13T09:28:56+00:00\",\"breadcrumb\":{\"@id\":\"https:\\\/\\\/bertaroca.com\\\/en\\\/privacy-policy\\\/#breadcrumb\"},\"inLanguage\":\"en-US\",\"potentialAction\":[{\"@type\":\"ReadAction\",\"target\":[\"https:\\\/\\\/bertaroca.com\\\/en\\\/privacy-policy\\\/\"]}]},{\"@type\":\"BreadcrumbList\",\"@id\":\"https:\\\/\\\/bertaroca.com\\\/en\\\/privacy-policy\\\/#breadcrumb\",\"itemListElement\":[{\"@type\":\"ListItem\",\"position\":1,\"name\":\"Portada\",\"item\":\"https:\\\/\\\/bertaroca.com\\\/en\\\/home\\\/\"},{\"@type\":\"ListItem\",\"position\":2,\"name\":\"Privacy Policy\"}]},{\"@type\":\"WebSite\",\"@id\":\"https:\\\/\\\/bertaroca.com\\\/en\\\/#website\",\"url\":\"https:\\\/\\\/bertaroca.com\\\/en\\\/\",\"name\":\"Berta Roca Comunicaci\u00f3\",\"description\":\"La comunicaci\u00f3 \u00e9s una eina amb un gran valor estrat\u00e8gic per a la construcci\u00f3 d\u2019una proposta de valor diferencial.\",\"potentialAction\":[{\"@type\":\"SearchAction\",\"target\":{\"@type\":\"EntryPoint\",\"urlTemplate\":\"https:\\\/\\\/bertaroca.com\\\/en\\\/?s={search_term_string}\"},\"query-input\":{\"@type\":\"PropertyValueSpecification\",\"valueRequired\":true,\"valueName\":\"search_term_string\"}}],\"inLanguage\":\"en-US\"}]}<\/script>\n<!-- \/ Yoast SEO plugin. -->","yoast_head_json":{"title":"Privacy Policy - Berta Roca Comunicaci\u00f3","robots":{"index":"index","follow":"follow","max-snippet":"max-snippet:-1","max-image-preview":"max-image-preview:large","max-video-preview":"max-video-preview:-1"},"canonical":"https:\/\/bertaroca.com\/en\/privacy-policy\/","og_locale":"en_US","og_type":"article","og_title":"Privacy Policy - Berta Roca Comunicaci\u00f3","og_description":"Privacy Policy INTRODUCTION Private security is important for us, so, with this document, we explain who data is collected by users, how they are used and why, among other indications. For your information, we may require more information than we actually need to serve your requirements; However, we will not share it with third parties, [&hellip;]","og_url":"https:\/\/bertaroca.com\/en\/privacy-policy\/","og_site_name":"Berta Roca Comunicaci\u00f3","article_modified_time":"2023-10-13T09:28:56+00:00","twitter_card":"summary_large_image","twitter_misc":{"Est. reading time":"11 minutes"},"schema":{"@context":"https:\/\/schema.org","@graph":[{"@type":"WebPage","@id":"https:\/\/bertaroca.com\/en\/privacy-policy\/","url":"https:\/\/bertaroca.com\/en\/privacy-policy\/","name":"Privacy Policy - Berta Roca Comunicaci\u00f3","isPartOf":{"@id":"https:\/\/bertaroca.com\/en\/#website"},"datePublished":"2023-06-28T14:03:04+00:00","dateModified":"2023-10-13T09:28:56+00:00","breadcrumb":{"@id":"https:\/\/bertaroca.com\/en\/privacy-policy\/#breadcrumb"},"inLanguage":"en-US","potentialAction":[{"@type":"ReadAction","target":["https:\/\/bertaroca.com\/en\/privacy-policy\/"]}]},{"@type":"BreadcrumbList","@id":"https:\/\/bertaroca.com\/en\/privacy-policy\/#breadcrumb","itemListElement":[{"@type":"ListItem","position":1,"name":"Portada","item":"https:\/\/bertaroca.com\/en\/home\/"},{"@type":"ListItem","position":2,"name":"Privacy Policy"}]},{"@type":"WebSite","@id":"https:\/\/bertaroca.com\/en\/#website","url":"https:\/\/bertaroca.com\/en\/","name":"Berta Roca Comunicaci\u00f3","description":"La comunicaci\u00f3 \u00e9s una eina amb un gran valor estrat\u00e8gic per a la construcci\u00f3 d\u2019una proposta de valor diferencial.","potentialAction":[{"@type":"SearchAction","target":{"@type":"EntryPoint","urlTemplate":"https:\/\/bertaroca.com\/en\/?s={search_term_string}"},"query-input":{"@type":"PropertyValueSpecification","valueRequired":true,"valueName":"search_term_string"}}],"inLanguage":"en-US"}]}},"_links":{"self":[{"href":"https:\/\/bertaroca.com\/en\/wp-json\/wp\/v2\/pages\/1109","targetHints":{"allow":["GET"]}}],"collection":[{"href":"https:\/\/bertaroca.com\/en\/wp-json\/wp\/v2\/pages"}],"about":[{"href":"https:\/\/bertaroca.com\/en\/wp-json\/wp\/v2\/types\/page"}],"author":[{"embeddable":true,"href":"https:\/\/bertaroca.com\/en\/wp-json\/wp\/v2\/users\/1"}],"replies":[{"embeddable":true,"href":"https:\/\/bertaroca.com\/en\/wp-json\/wp\/v2\/comments?post=1109"}],"version-history":[{"count":3,"href":"https:\/\/bertaroca.com\/en\/wp-json\/wp\/v2\/pages\/1109\/revisions"}],"predecessor-version":[{"id":1114,"href":"https:\/\/bertaroca.com\/en\/wp-json\/wp\/v2\/pages\/1109\/revisions\/1114"}],"wp:attachment":[{"href":"https:\/\/bertaroca.com\/en\/wp-json\/wp\/v2\/media?parent=1109"}],"curies":[{"name":"wp","href":"https:\/\/api.w.org\/{rel}","templated":true}]}}