{"id":1098,"date":"2023-06-30T11:15:08","date_gmt":"2023-06-30T11:15:08","guid":{"rendered":"https:\/\/berta.cloutions.com\/politica-de-galetes\/"},"modified":"2023-10-13T08:32:21","modified_gmt":"2023-10-13T08:32:21","slug":"cookies-policy","status":"publish","type":"page","link":"https:\/\/bertaroca.com\/en\/cookies-policy\/","title":{"rendered":"Cookies Policy"},"content":{"rendered":"<h2 style=\"text-align: center;\">Cookies Policy<\/h2>\n<p><strong>IDENTIFICATION AND COOKIE POLICY<\/strong><\/p>\n<p>This website www.bertaroca.com (henceforth, the \u201cWeb\u201d) is owned by <strong>BERTA ROCA COMUNICACI\u00d3<\/strong> with the company <strong>BERTA ROCA COMUNICACI\u00d3<\/strong> a company established and existing in accordance with Spanish legislation, with registered office at C\/ Proven\u00e7a 287, ppal primera, 08037 Barcelona, \u200b\u200band registered in the Mercantile Registry of Barcelona, \u200b\u200bNIF number 46133132P.<\/p>\n<p>On our website we use our own cookies that allow us to improve the user experience and offer content adapted to your interests thanks to the personalization of the content. In addition, we use third-party cookies that personalize the advertising of the pages you visit with content of interest to our users.<\/p>\n<p>If you continue browsing with your browser configured to accept cookies, we will understand that you accept the installation of cookies as detailed in the Cookies Policy.<\/p>\n<p><strong>BASIC INFORMATION ON COOKIES<\/strong><\/p>\n<p>What are cookies?<\/p>\n<p>Cookies are small pieces of information that are stored in the browser of your computer, tablet or mobile phone when you visit our website, and that facilitate and personalize navigation when visiting the same pages.<\/p>\n<p>What do cookies do?<\/p>\n<p>Cookies do not identify you personally and do not pose any risk to your computer or mobile device. They are not viruses or spyware. They are simply tools used by the websites you visit to improve your navigation, so that your data travels over the network safely, to help us understand what information on our website is most useful to our users, or to know what offers they can be of interest to each user. And all this in a completely anonymous way: we will never know their name, address or phone number unless you provide them to us. You decide whether or not to allow cookies, but if you choose not to allow them, you must block them in your browser.<\/p>\n<p>In addition, you should take into account that, if you decide not to allow the use of cookies on the Website, some features of the Website may not work properly and, in addition, we will not be able to adapt the information we offer to your interests.<\/p>\n<p>How long are cookies active?<\/p>\n<p>Basically, there are two types of cookies:<\/p>\n<ul>\n<li>Session cookies, which expire when you leave the page or close your browser, i.e. they are active for the duration of your visit to our website. They are deleted when you turn off your device.<\/li>\n<li>Permanents, which expire when the purpose for which they are used or when they are manually deleted, all have an automatic deletion date and are typically used in online purchase processes, customizations or at the register, so that you don&#8217;t have to of constantly entering the password.<\/li>\n<\/ul>\n<p>&nbsp;<\/p>\n<p><strong>Why do we use cookies at BERTA ROCA COMUNICACI\u00d3?<\/strong><\/p>\n<p>We use cookies for different purposes which are basically these:<\/p>\n<p>Techniques: These are necessary so that you can navigate the web properly and that you can access all sections without problems.<br \/>\nFor analysis: they allow us to understand how you browse our website, see what works and what doesn&#8217;t, improve the website, calculate how many people visit it, in order to improve the services we can offer you. This information is anonymous, and we only need it for statistical purposes.<br \/>\nSocial Media Plugins: Facilitate your access to our social media channels so they can keep you up to date with tips and updates, as well as \u2013 participate in our online community.<br \/>\nAdvertising: We sometimes analyze your preferences on the web so that we can show you advertising related to your tastes. That way we don&#8217;t waste your time with offers that aren&#8217;t really useful to you.<\/p>\n<p><strong>HOW TO CONFIGURE\/DISABLE COOKIES<\/strong><\/p>\n<p>Do you want to disable cookies in your browser?<\/p>\n<p>In general, browsers allow cookies by default. When you browse the web you are accepting the use of cookies. However, you decide whether you want to browse with or without cookies, as they can modify your preferences at any time.<\/p>\n","protected":false},"excerpt":{"rendered":"<p>Cookies Policy IDENTIFICATION AND COOKIE POLICY This website www.bertaroca.com (henceforth, the \u201cWeb\u201d) is owned by BERTA ROCA COMUNICACI\u00d3 with the company BERTA ROCA COMUNICACI\u00d3 a company established and existing in accordance with Spanish legislation, with registered office at C\/ Proven\u00e7a 287, ppal primera, 08037 Barcelona, \u200b\u200band registered in the Mercantile Registry of Barcelona, \u200b\u200bNIF number [&hellip;]<\/p>\n","protected":false},"author":1,"featured_media":0,"parent":0,"menu_order":0,"comment_status":"closed","ping_status":"closed","template":"","meta":{"footnotes":""},"class_list":["post-1098","page","type-page","status-publish","hentry"],"yoast_head":"<!-- This site is optimized with the Yoast SEO plugin v27.4 - https:\/\/yoast.com\/product\/yoast-seo-wordpress\/ -->\n<title>Cookies Policy - Berta Roca Comunicaci\u00f3<\/title>\n<meta name=\"robots\" content=\"index, follow, max-snippet:-1, max-image-preview:large, max-video-preview:-1\" \/>\n<link rel=\"canonical\" href=\"https:\/\/bertaroca.com\/en\/cookies-policy\/\" \/>\n<meta property=\"og:locale\" content=\"en_US\" \/>\n<meta property=\"og:type\" content=\"article\" \/>\n<meta property=\"og:title\" content=\"Cookies Policy - Berta Roca Comunicaci\u00f3\" \/>\n<meta property=\"og:description\" content=\"Cookies Policy IDENTIFICATION AND COOKIE POLICY This website www.bertaroca.com (henceforth, the \u201cWeb\u201d) is owned by BERTA ROCA COMUNICACI\u00d3 with the company BERTA ROCA COMUNICACI\u00d3 a company established and existing in accordance with Spanish legislation, with registered office at C\/ Proven\u00e7a 287, ppal primera, 08037 Barcelona, \u200b\u200band registered in the Mercantile Registry of Barcelona, \u200b\u200bNIF number [&hellip;]\" \/>\n<meta property=\"og:url\" content=\"https:\/\/bertaroca.com\/en\/cookies-policy\/\" \/>\n<meta property=\"og:site_name\" content=\"Berta Roca Comunicaci\u00f3\" \/>\n<meta property=\"article:modified_time\" content=\"2023-10-13T08:32:21+00:00\" \/>\n<meta name=\"twitter:card\" content=\"summary_large_image\" \/>\n<meta name=\"twitter:label1\" content=\"Est. reading time\" \/>\n\t<meta name=\"twitter:data1\" content=\"4 minutes\" \/>\n<script type=\"application\/ld+json\" class=\"yoast-schema-graph\">{\"@context\":\"https:\\\/\\\/schema.org\",\"@graph\":[{\"@type\":\"WebPage\",\"@id\":\"https:\\\/\\\/bertaroca.com\\\/en\\\/cookies-policy\\\/\",\"url\":\"https:\\\/\\\/bertaroca.com\\\/en\\\/cookies-policy\\\/\",\"name\":\"Cookies Policy - Berta Roca Comunicaci\u00f3\",\"isPartOf\":{\"@id\":\"https:\\\/\\\/bertaroca.com\\\/en\\\/#website\"},\"datePublished\":\"2023-06-30T11:15:08+00:00\",\"dateModified\":\"2023-10-13T08:32:21+00:00\",\"breadcrumb\":{\"@id\":\"https:\\\/\\\/bertaroca.com\\\/en\\\/cookies-policy\\\/#breadcrumb\"},\"inLanguage\":\"en-US\",\"potentialAction\":[{\"@type\":\"ReadAction\",\"target\":[\"https:\\\/\\\/bertaroca.com\\\/en\\\/cookies-policy\\\/\"]}]},{\"@type\":\"BreadcrumbList\",\"@id\":\"https:\\\/\\\/bertaroca.com\\\/en\\\/cookies-policy\\\/#breadcrumb\",\"itemListElement\":[{\"@type\":\"ListItem\",\"position\":1,\"name\":\"Portada\",\"item\":\"https:\\\/\\\/bertaroca.com\\\/en\\\/home\\\/\"},{\"@type\":\"ListItem\",\"position\":2,\"name\":\"Cookies Policy\"}]},{\"@type\":\"WebSite\",\"@id\":\"https:\\\/\\\/bertaroca.com\\\/en\\\/#website\",\"url\":\"https:\\\/\\\/bertaroca.com\\\/en\\\/\",\"name\":\"Berta Roca Comunicaci\u00f3\",\"description\":\"La comunicaci\u00f3 \u00e9s una eina amb un gran valor estrat\u00e8gic per a la construcci\u00f3 d\u2019una proposta de valor diferencial.\",\"potentialAction\":[{\"@type\":\"SearchAction\",\"target\":{\"@type\":\"EntryPoint\",\"urlTemplate\":\"https:\\\/\\\/bertaroca.com\\\/en\\\/?s={search_term_string}\"},\"query-input\":{\"@type\":\"PropertyValueSpecification\",\"valueRequired\":true,\"valueName\":\"search_term_string\"}}],\"inLanguage\":\"en-US\"}]}<\/script>\n<!-- \/ Yoast SEO plugin. -->","yoast_head_json":{"title":"Cookies Policy - Berta Roca Comunicaci\u00f3","robots":{"index":"index","follow":"follow","max-snippet":"max-snippet:-1","max-image-preview":"max-image-preview:large","max-video-preview":"max-video-preview:-1"},"canonical":"https:\/\/bertaroca.com\/en\/cookies-policy\/","og_locale":"en_US","og_type":"article","og_title":"Cookies Policy - Berta Roca Comunicaci\u00f3","og_description":"Cookies Policy IDENTIFICATION AND COOKIE POLICY This website www.bertaroca.com (henceforth, the \u201cWeb\u201d) is owned by BERTA ROCA COMUNICACI\u00d3 with the company BERTA ROCA COMUNICACI\u00d3 a company established and existing in accordance with Spanish legislation, with registered office at C\/ Proven\u00e7a 287, ppal primera, 08037 Barcelona, \u200b\u200band registered in the Mercantile Registry of Barcelona, \u200b\u200bNIF number [&hellip;]","og_url":"https:\/\/bertaroca.com\/en\/cookies-policy\/","og_site_name":"Berta Roca Comunicaci\u00f3","article_modified_time":"2023-10-13T08:32:21+00:00","twitter_card":"summary_large_image","twitter_misc":{"Est. reading time":"4 minutes"},"schema":{"@context":"https:\/\/schema.org","@graph":[{"@type":"WebPage","@id":"https:\/\/bertaroca.com\/en\/cookies-policy\/","url":"https:\/\/bertaroca.com\/en\/cookies-policy\/","name":"Cookies Policy - Berta Roca Comunicaci\u00f3","isPartOf":{"@id":"https:\/\/bertaroca.com\/en\/#website"},"datePublished":"2023-06-30T11:15:08+00:00","dateModified":"2023-10-13T08:32:21+00:00","breadcrumb":{"@id":"https:\/\/bertaroca.com\/en\/cookies-policy\/#breadcrumb"},"inLanguage":"en-US","potentialAction":[{"@type":"ReadAction","target":["https:\/\/bertaroca.com\/en\/cookies-policy\/"]}]},{"@type":"BreadcrumbList","@id":"https:\/\/bertaroca.com\/en\/cookies-policy\/#breadcrumb","itemListElement":[{"@type":"ListItem","position":1,"name":"Portada","item":"https:\/\/bertaroca.com\/en\/home\/"},{"@type":"ListItem","position":2,"name":"Cookies Policy"}]},{"@type":"WebSite","@id":"https:\/\/bertaroca.com\/en\/#website","url":"https:\/\/bertaroca.com\/en\/","name":"Berta Roca Comunicaci\u00f3","description":"La comunicaci\u00f3 \u00e9s una eina amb un gran valor estrat\u00e8gic per a la construcci\u00f3 d\u2019una proposta de valor diferencial.","potentialAction":[{"@type":"SearchAction","target":{"@type":"EntryPoint","urlTemplate":"https:\/\/bertaroca.com\/en\/?s={search_term_string}"},"query-input":{"@type":"PropertyValueSpecification","valueRequired":true,"valueName":"search_term_string"}}],"inLanguage":"en-US"}]}},"_links":{"self":[{"href":"https:\/\/bertaroca.com\/en\/wp-json\/wp\/v2\/pages\/1098","targetHints":{"allow":["GET"]}}],"collection":[{"href":"https:\/\/bertaroca.com\/en\/wp-json\/wp\/v2\/pages"}],"about":[{"href":"https:\/\/bertaroca.com\/en\/wp-json\/wp\/v2\/types\/page"}],"author":[{"embeddable":true,"href":"https:\/\/bertaroca.com\/en\/wp-json\/wp\/v2\/users\/1"}],"replies":[{"embeddable":true,"href":"https:\/\/bertaroca.com\/en\/wp-json\/wp\/v2\/comments?post=1098"}],"version-history":[{"count":2,"href":"https:\/\/bertaroca.com\/en\/wp-json\/wp\/v2\/pages\/1098\/revisions"}],"predecessor-version":[{"id":1103,"href":"https:\/\/bertaroca.com\/en\/wp-json\/wp\/v2\/pages\/1098\/revisions\/1103"}],"wp:attachment":[{"href":"https:\/\/bertaroca.com\/en\/wp-json\/wp\/v2\/media?parent=1098"}],"curies":[{"name":"wp","href":"https:\/\/api.w.org\/{rel}","templated":true}]}}