{"id":1087,"date":"2023-06-28T14:20:44","date_gmt":"2023-06-28T14:20:44","guid":{"rendered":"https:\/\/berta.cloutions.com\/contacte\/"},"modified":"2023-10-13T09:18:29","modified_gmt":"2023-10-13T09:18:29","slug":"contact","status":"publish","type":"page","link":"https:\/\/bertaroca.com\/en\/contact\/","title":{"rendered":"Contact"},"content":{"rendered":"\n<style type=\"text\/css\" data-created_by=\"avia_inline_auto\" id=\"style-css-av-lm0a68ui-4fa096cf5a95745285f01c4dbf9876d9\">\n.avia-section.av-lm0a68ui-4fa096cf5a95745285f01c4dbf9876d9{\nbackground-repeat:no-repeat;\nbackground-image:url(https:\/\/bertaroca.com\/wp-content\/uploads\/2023\/06\/220728_BR_web-GISE9376-giselajane-01.jpg);\nbackground-position:50% 50%;\nbackground-attachment:fixed;\n}\n.avia-section.av-lm0a68ui-4fa096cf5a95745285f01c4dbf9876d9 .av-section-color-overlay{\nopacity:0.5;\nbackground-color:#ffffff;\n}\n<\/style>\n<div id='av_section_1'  class='avia-section av-lm0a68ui-4fa096cf5a95745285f01c4dbf9876d9 main_color avia-section-large avia-no-border-styling  avia-builder-el-0  el_before_av_section  avia-builder-el-first  avia-full-stretch avia-bg-style-fixed av-section-color-overlay-active container_wrap fullsize'  data-section-bg-repeat='stretch'><div class=\"av-section-color-overlay-wrap\"><div class=\"av-section-color-overlay\"><\/div><div class='container av-section-cont-open' ><main  role=\"main\" itemprop=\"mainContentOfPage\"  class='template-page content  av-content-full alpha units'><div class='post-entry post-entry-type-page post-entry-1087'><div class='entry-content-wrapper clearfix'>\n\n<style type=\"text\/css\" data-created_by=\"avia_inline_auto\" id=\"style-css-av-lm0a5p4t-93d6916eb7833150abb5e58eeb140c67\">\n#top .av-special-heading.av-lm0a5p4t-93d6916eb7833150abb5e58eeb140c67{\npadding-bottom:10px;\n}\nbody .av-special-heading.av-lm0a5p4t-93d6916eb7833150abb5e58eeb140c67 .av-special-heading-tag .heading-char{\nfont-size:25px;\n}\n.av-special-heading.av-lm0a5p4t-93d6916eb7833150abb5e58eeb140c67 .av-subheading{\nfont-size:15px;\n}\n<\/style>\n<div  class='av-special-heading av-lm0a5p4t-93d6916eb7833150abb5e58eeb140c67 av-special-heading-h1 blockquote modern-quote modern-centered  avia-builder-el-1  el_before_av_hr  avia-builder-el-first  av-thin-font'><h1 class='av-special-heading-tag '  itemprop=\"headline\"  ><strong>Contact<\/strong><\/h1><div class=\"special-heading-border\"><div class=\"special-heading-inner-border\"><\/div><\/div><\/div>\n\n<style type=\"text\/css\" data-created_by=\"avia_inline_auto\" id=\"style-css-av-7oe09-530c60657c3630728059bb04ab52cc00\">\n#top .hr.av-7oe09-530c60657c3630728059bb04ab52cc00{\nmargin-top:0px;\nmargin-bottom:30px;\n}\n.hr.av-7oe09-530c60657c3630728059bb04ab52cc00 .hr-inner{\nwidth:50px;\nborder-color:#000000;\n}\n<\/style>\n<div  class='hr av-7oe09-530c60657c3630728059bb04ab52cc00 hr-custom  avia-builder-el-2  el_after_av_heading  avia-builder-el-last  hr-center hr-icon-no'><span class='hr-inner inner-border-av-border-fat'><span class=\"hr-inner-style\"><\/span><\/span><\/div>\n\n<\/div><\/div><\/main><!-- close content main element --><\/div><\/div><\/div>\n<style type=\"text\/css\" data-created_by=\"avia_inline_auto\" id=\"style-css-av-9tfkrt-75ba87d974f39bfca75074cafbea91ab\">\n.avia-section.av-9tfkrt-75ba87d974f39bfca75074cafbea91ab{\nbackground-color:#fafafa;\nbackground-image:unset;\nmargin-top:5px;\nmargin-bottom:5px;\n}\n<\/style>\n<div id='story'  class='avia-section av-9tfkrt-75ba87d974f39bfca75074cafbea91ab main_color avia-section-small avia-no-border-styling  avia-builder-el-3  el_after_av_section  avia-builder-el-last  avia-bg-style-scroll container_wrap fullsize'  ><div class='container av-section-cont-open' ><div class='template-page content  av-content-full alpha units'><div class='post-entry post-entry-type-page post-entry-1087'><div class='entry-content-wrapper clearfix'>\n<div class='flex_column_table av-9166h-e26a7612feee1ba7729af10368f9864e sc-av_one_half av-equal-height-column-flextable'>\n<style type=\"text\/css\" data-created_by=\"avia_inline_auto\" id=\"style-css-av-9166h-e26a7612feee1ba7729af10368f9864e\">\n.flex_column.av-9166h-e26a7612feee1ba7729af10368f9864e{\nbackground-color:#ffffff;\n}\n<\/style>\n<div  class='flex_column av-9166h-e26a7612feee1ba7729af10368f9864e av_one_half  avia-builder-el-4  el_before_av_one_half  avia-builder-el-first  first flex_column_table_cell av-equal-height-column av-align-middle  '     ><p>\n<style type=\"text\/css\" data-created_by=\"avia_inline_auto\" id=\"style-css-av-ljpw3gc2-ebcb44e6dfff86dcb717e0def9724ed8\">\n#top .av-special-heading.av-ljpw3gc2-ebcb44e6dfff86dcb717e0def9724ed8{\npadding-bottom:10px;\n}\nbody .av-special-heading.av-ljpw3gc2-ebcb44e6dfff86dcb717e0def9724ed8 .av-special-heading-tag .heading-char{\nfont-size:25px;\n}\n#top #wrap_all .av-special-heading.av-ljpw3gc2-ebcb44e6dfff86dcb717e0def9724ed8 .av-special-heading-tag{\npadding:20px 20px 20px 20px;\n}\n.av-special-heading.av-ljpw3gc2-ebcb44e6dfff86dcb717e0def9724ed8 .av-subheading{\nfont-size:15px;\n}\n\n@media only screen and (min-width: 990px){ \n#top #wrap_all .av-special-heading.av-ljpw3gc2-ebcb44e6dfff86dcb717e0def9724ed8 .av-special-heading-tag{\npadding:20px 20px 20px 20px;\n}\n}\n\n@media only screen and (min-width: 768px) and (max-width: 989px){ \n#top #wrap_all .av-special-heading.av-ljpw3gc2-ebcb44e6dfff86dcb717e0def9724ed8 .av-special-heading-tag{\npadding:20px 20px 20px 20px;\n}\n}\n\n@media only screen and (min-width: 480px) and (max-width: 767px){ \n#top #wrap_all .av-special-heading.av-ljpw3gc2-ebcb44e6dfff86dcb717e0def9724ed8 .av-special-heading-tag{\npadding:20px 20px 20px 20px;\n}\n}\n\n@media only screen and (max-width: 479px){ \n#top #wrap_all .av-special-heading.av-ljpw3gc2-ebcb44e6dfff86dcb717e0def9724ed8 .av-special-heading-tag{\npadding:20px 20px 20px 20px;\n}\n}\n<\/style>\n<div  class='av-special-heading av-ljpw3gc2-ebcb44e6dfff86dcb717e0def9724ed8 av-special-heading-h4 blockquote modern-quote  avia-builder-el-5  el_before_av_textblock  avia-builder-el-first  av-thin-font'><h4 class='av-special-heading-tag '  itemprop=\"headline\"  ><strong>We are here!<\/strong><\/h4><div class=\"special-heading-border\"><div class=\"special-heading-inner-border\"><\/div><\/div><\/div><br \/>\n<section  class='av_textblock_section av-ljpw3vbq-ae6ca7b2e6f88aba68676d09c1b1a3f0 '   itemscope=\"itemscope\" itemtype=\"https:\/\/schema.org\/CreativeWork\" ><div class='avia_textblock padding-box1'  itemprop=\"text\" ><p>Proven\u00e7a 287, Principal 1a, 08037 Barcelona<br \/>\nPhone. +34 606 392 793<br \/>\ninfo@bertaroca.net<\/p>\n<div id=\"gtx-trans\" style=\"position: absolute; left: -364px; top: -2.40625px;\">\n<div class=\"gtx-trans-icon\"><\/div>\n<\/div>\n<\/div><\/section><\/p><\/div><div class='av-flex-placeholder'><\/div><div  class='flex_column av-b30cx-e749325c2d2c6fc539eecb484b80745a av_one_half  avia-builder-el-7  el_after_av_one_half  avia-builder-el-last  flex_column_table_cell av-equal-height-column av-align-middle  '     ><div  class='av_gmaps_sc_main_wrap av_gmaps_main_wrap '><div id='av_gmap_0' class='avia-google-map-container avia-google-map-sc av_gmaps_show_unconditionally av-no-fallback-img ' data-mapid='av_gmap_0'  style='height: 400px;'><a class=\"av_gmaps_browser_disabled av_text_confirm_link av_text_confirm_link_visible\" href=\"https:\/\/www.google.com\/maps\/search\/?api=1&#038;query=Proven\u00e7a%20287,%20Principal%201a%2008037%20Barcelona%20Barcelona%20%20Espa\u00f1a\" target=\"_blank\">Maps were disabled by the visitor on this site. Click to open the map in a new window.<\/a><\/div><\/div><\/div><\/div><!--close column table wrapper. Autoclose: 1 -->\n","protected":false},"excerpt":{"rendered":"","protected":false},"author":1,"featured_media":0,"parent":0,"menu_order":0,"comment_status":"closed","ping_status":"closed","template":"","meta":{"footnotes":""},"class_list":["post-1087","page","type-page","status-publish","hentry"],"yoast_head":"<!-- This site is optimized with the Yoast SEO plugin v27.3 - https:\/\/yoast.com\/product\/yoast-seo-wordpress\/ -->\n<title>Contact - Berta Roca Comunicaci\u00f3<\/title>\n<meta name=\"description\" content=\"We are here to listen to you and collaborate in your communication strategy. Putting us at your disposal: Berta Roca Comunicaci\u00f3.\" \/>\n<meta name=\"robots\" content=\"index, follow, max-snippet:-1, max-image-preview:large, max-video-preview:-1\" \/>\n<link rel=\"canonical\" href=\"https:\/\/bertaroca.com\/en\/contact\/\" \/>\n<meta property=\"og:locale\" content=\"en_US\" \/>\n<meta property=\"og:type\" content=\"article\" \/>\n<meta property=\"og:title\" content=\"Contact - Berta Roca Comunicaci\u00f3\" \/>\n<meta property=\"og:description\" content=\"We are here to listen to you and collaborate in your communication strategy. Putting us at your disposal: Berta Roca Comunicaci\u00f3.\" \/>\n<meta property=\"og:url\" content=\"https:\/\/bertaroca.com\/en\/contact\/\" \/>\n<meta property=\"og:site_name\" content=\"Berta Roca Comunicaci\u00f3\" \/>\n<meta property=\"article:modified_time\" content=\"2023-10-13T09:18:29+00:00\" \/>\n<meta name=\"twitter:card\" content=\"summary_large_image\" \/>\n<meta name=\"twitter:label1\" content=\"Est. reading time\" \/>\n\t<meta name=\"twitter:data1\" content=\"4 minutes\" \/>\n<script type=\"application\/ld+json\" class=\"yoast-schema-graph\">{\"@context\":\"https:\\\/\\\/schema.org\",\"@graph\":[{\"@type\":\"WebPage\",\"@id\":\"https:\\\/\\\/bertaroca.com\\\/en\\\/contact\\\/\",\"url\":\"https:\\\/\\\/bertaroca.com\\\/en\\\/contact\\\/\",\"name\":\"Contact - Berta Roca Comunicaci\u00f3\",\"isPartOf\":{\"@id\":\"https:\\\/\\\/bertaroca.com\\\/en\\\/#website\"},\"datePublished\":\"2023-06-28T14:20:44+00:00\",\"dateModified\":\"2023-10-13T09:18:29+00:00\",\"description\":\"We are here to listen to you and collaborate in your communication strategy. Putting us at your disposal: Berta Roca Comunicaci\u00f3.\",\"breadcrumb\":{\"@id\":\"https:\\\/\\\/bertaroca.com\\\/en\\\/contact\\\/#breadcrumb\"},\"inLanguage\":\"en-US\",\"potentialAction\":[{\"@type\":\"ReadAction\",\"target\":[\"https:\\\/\\\/bertaroca.com\\\/en\\\/contact\\\/\"]}]},{\"@type\":\"BreadcrumbList\",\"@id\":\"https:\\\/\\\/bertaroca.com\\\/en\\\/contact\\\/#breadcrumb\",\"itemListElement\":[{\"@type\":\"ListItem\",\"position\":1,\"name\":\"Portada\",\"item\":\"https:\\\/\\\/bertaroca.com\\\/en\\\/home\\\/\"},{\"@type\":\"ListItem\",\"position\":2,\"name\":\"Contact\"}]},{\"@type\":\"WebSite\",\"@id\":\"https:\\\/\\\/bertaroca.com\\\/en\\\/#website\",\"url\":\"https:\\\/\\\/bertaroca.com\\\/en\\\/\",\"name\":\"Berta Roca Comunicaci\u00f3\",\"description\":\"La comunicaci\u00f3 \u00e9s una eina amb un gran valor estrat\u00e8gic per a la construcci\u00f3 d\u2019una proposta de valor diferencial.\",\"potentialAction\":[{\"@type\":\"SearchAction\",\"target\":{\"@type\":\"EntryPoint\",\"urlTemplate\":\"https:\\\/\\\/bertaroca.com\\\/en\\\/?s={search_term_string}\"},\"query-input\":{\"@type\":\"PropertyValueSpecification\",\"valueRequired\":true,\"valueName\":\"search_term_string\"}}],\"inLanguage\":\"en-US\"}]}<\/script>\n<!-- \/ Yoast SEO plugin. -->","yoast_head_json":{"title":"Contact - Berta Roca Comunicaci\u00f3","description":"We are here to listen to you and collaborate in your communication strategy. Putting us at your disposal: Berta Roca Comunicaci\u00f3.","robots":{"index":"index","follow":"follow","max-snippet":"max-snippet:-1","max-image-preview":"max-image-preview:large","max-video-preview":"max-video-preview:-1"},"canonical":"https:\/\/bertaroca.com\/en\/contact\/","og_locale":"en_US","og_type":"article","og_title":"Contact - Berta Roca Comunicaci\u00f3","og_description":"We are here to listen to you and collaborate in your communication strategy. Putting us at your disposal: Berta Roca Comunicaci\u00f3.","og_url":"https:\/\/bertaroca.com\/en\/contact\/","og_site_name":"Berta Roca Comunicaci\u00f3","article_modified_time":"2023-10-13T09:18:29+00:00","twitter_card":"summary_large_image","twitter_misc":{"Est. reading time":"4 minutes"},"schema":{"@context":"https:\/\/schema.org","@graph":[{"@type":"WebPage","@id":"https:\/\/bertaroca.com\/en\/contact\/","url":"https:\/\/bertaroca.com\/en\/contact\/","name":"Contact - Berta Roca Comunicaci\u00f3","isPartOf":{"@id":"https:\/\/bertaroca.com\/en\/#website"},"datePublished":"2023-06-28T14:20:44+00:00","dateModified":"2023-10-13T09:18:29+00:00","description":"We are here to listen to you and collaborate in your communication strategy. Putting us at your disposal: Berta Roca Comunicaci\u00f3.","breadcrumb":{"@id":"https:\/\/bertaroca.com\/en\/contact\/#breadcrumb"},"inLanguage":"en-US","potentialAction":[{"@type":"ReadAction","target":["https:\/\/bertaroca.com\/en\/contact\/"]}]},{"@type":"BreadcrumbList","@id":"https:\/\/bertaroca.com\/en\/contact\/#breadcrumb","itemListElement":[{"@type":"ListItem","position":1,"name":"Portada","item":"https:\/\/bertaroca.com\/en\/home\/"},{"@type":"ListItem","position":2,"name":"Contact"}]},{"@type":"WebSite","@id":"https:\/\/bertaroca.com\/en\/#website","url":"https:\/\/bertaroca.com\/en\/","name":"Berta Roca Comunicaci\u00f3","description":"La comunicaci\u00f3 \u00e9s una eina amb un gran valor estrat\u00e8gic per a la construcci\u00f3 d\u2019una proposta de valor diferencial.","potentialAction":[{"@type":"SearchAction","target":{"@type":"EntryPoint","urlTemplate":"https:\/\/bertaroca.com\/en\/?s={search_term_string}"},"query-input":{"@type":"PropertyValueSpecification","valueRequired":true,"valueName":"search_term_string"}}],"inLanguage":"en-US"}]}},"_links":{"self":[{"href":"https:\/\/bertaroca.com\/en\/wp-json\/wp\/v2\/pages\/1087","targetHints":{"allow":["GET"]}}],"collection":[{"href":"https:\/\/bertaroca.com\/en\/wp-json\/wp\/v2\/pages"}],"about":[{"href":"https:\/\/bertaroca.com\/en\/wp-json\/wp\/v2\/types\/page"}],"author":[{"embeddable":true,"href":"https:\/\/bertaroca.com\/en\/wp-json\/wp\/v2\/users\/1"}],"replies":[{"embeddable":true,"href":"https:\/\/bertaroca.com\/en\/wp-json\/wp\/v2\/comments?post=1087"}],"version-history":[{"count":3,"href":"https:\/\/bertaroca.com\/en\/wp-json\/wp\/v2\/pages\/1087\/revisions"}],"predecessor-version":[{"id":1506,"href":"https:\/\/bertaroca.com\/en\/wp-json\/wp\/v2\/pages\/1087\/revisions\/1506"}],"wp:attachment":[{"href":"https:\/\/bertaroca.com\/en\/wp-json\/wp\/v2\/media?parent=1087"}],"curies":[{"name":"wp","href":"https:\/\/api.w.org\/{rel}","templated":true}]}}